{"id":330,"date":"2020-06-09T12:37:16","date_gmt":"2020-06-09T10:37:16","guid":{"rendered":"http:\/\/itproman.pl\/?page_id=330"},"modified":"2025-01-09T11:56:58","modified_gmt":"2025-01-09T10:56:58","slug":"o-mnie","status":"publish","type":"page","link":"https:\/\/itproman.pl\/index.php\/o-mnie\/","title":{"rendered":"O mnie"},"content":{"rendered":"\t\t<div data-elementor-type=\"wp-page\" data-elementor-id=\"330\" class=\"elementor elementor-330\" data-elementor-post-type=\"page\">\n\t\t\t\t\t\t<section class=\"elementor-section elementor-top-section elementor-element elementor-element-511ffd2 elementor-section-height-min-height elementor-section-boxed elementor-section-height-default elementor-section-items-middle\" data-id=\"511ffd2\" data-element_type=\"section\" data-e-type=\"section\" data-settings=\"{&quot;background_background&quot;:&quot;classic&quot;}\">\n\t\t\t\t\t\t<div class=\"elementor-container elementor-column-gap-default\">\n\t\t\t\t\t<div class=\"elementor-column elementor-col-100 elementor-top-column elementor-element elementor-element-ec812f5\" data-id=\"ec812f5\" data-element_type=\"column\" data-e-type=\"column\">\n\t\t\t<div class=\"elementor-widget-wrap elementor-element-populated\">\n\t\t\t\t\t\t<section class=\"elementor-section elementor-inner-section elementor-element elementor-element-a2b40c3 elementor-section-boxed elementor-section-height-default elementor-section-height-default\" data-id=\"a2b40c3\" data-element_type=\"section\" data-e-type=\"section\">\n\t\t\t\t\t\t<div class=\"elementor-container elementor-column-gap-default\">\n\t\t\t\t\t<div class=\"elementor-column elementor-col-100 elementor-inner-column elementor-element elementor-element-d2202c7\" data-id=\"d2202c7\" data-element_type=\"column\" data-e-type=\"column\">\n\t\t\t<div class=\"elementor-widget-wrap elementor-element-populated\">\n\t\t\t\t\t\t<div class=\"elementor-element elementor-element-e9b7ccd elementor-widget elementor-widget-heading\" data-id=\"e9b7ccd\" data-element_type=\"widget\" data-e-type=\"widget\" data-widget_type=\"heading.default\">\n\t\t\t\t<div class=\"elementor-widget-container\">\n\t\t\t\t\t<h1 class=\"elementor-heading-title elementor-size-default\">IT Project Manager<\/h1>\t\t\t\t<\/div>\n\t\t\t\t<\/div>\n\t\t\t\t\t<\/div>\n\t\t<\/div>\n\t\t\t\t\t<\/div>\n\t\t<\/section>\n\t\t\t\t\t<\/div>\n\t\t<\/div>\n\t\t\t\t\t<\/div>\n\t\t<\/section>\n\t\t\t\t<section class=\"elementor-section elementor-top-section elementor-element elementor-element-7943d55 elementor-section-boxed elementor-section-height-default elementor-section-height-default\" data-id=\"7943d55\" data-element_type=\"section\" data-e-type=\"section\">\n\t\t\t\t\t\t<div class=\"elementor-container elementor-column-gap-default\">\n\t\t\t\t\t<div class=\"elementor-column elementor-col-100 elementor-top-column elementor-element elementor-element-447804b\" data-id=\"447804b\" data-element_type=\"column\" data-e-type=\"column\">\n\t\t\t<div class=\"elementor-widget-wrap elementor-element-populated\">\n\t\t\t\t\t\t<section class=\"elementor-section elementor-inner-section elementor-element elementor-element-61bf359 elementor-section-boxed elementor-section-height-default elementor-section-height-default\" data-id=\"61bf359\" data-element_type=\"section\" data-e-type=\"section\">\n\t\t\t\t\t\t<div class=\"elementor-container elementor-column-gap-default\">\n\t\t\t\t\t<div class=\"elementor-column elementor-col-50 elementor-inner-column elementor-element elementor-element-7b88af7\" data-id=\"7b88af7\" data-element_type=\"column\" data-e-type=\"column\">\n\t\t\t<div class=\"elementor-widget-wrap elementor-element-populated\">\n\t\t\t\t\t\t<div class=\"elementor-element elementor-element-68f6dc3 elementor-widget elementor-widget-heading\" data-id=\"68f6dc3\" data-element_type=\"widget\" data-e-type=\"widget\" data-widget_type=\"heading.default\">\n\t\t\t\t<div class=\"elementor-widget-container\">\n\t\t\t\t\t<h2 class=\"elementor-heading-title elementor-size-default\">Wiedza, do\u015bwiadczenie, zaanga\u017cowanie!<\/h2>\t\t\t\t<\/div>\n\t\t\t\t<\/div>\n\t\t\t\t<div class=\"elementor-element elementor-element-a4cc5f3 elementor-widget elementor-widget-text-editor\" data-id=\"a4cc5f3\" data-element_type=\"widget\" data-e-type=\"widget\" data-widget_type=\"text-editor.default\">\n\t\t\t\t<div class=\"elementor-widget-container\">\n\t\t\t\t\t\t\t\t\t<p>Wszystko zacz\u0119\u0142o si\u0119, gdy mia\u0142em 15 lat. Ju\u017c wtedy pasjonowa\u0142em si\u0119 komputerami i uczy\u0142em si\u0119 wszystkiego samodzielnie. Potem przyszed\u0142 czas na studia in\u017cynierskie w Bielsku-Bia\u0142ej. Podczas studi\u00f3w zajmowa\u0142em si\u0119 wsparciem IT dla ma\u0142ych firm, co pozwoli\u0142o mi pozna\u0107, jak dzia\u0142aj\u0105 r\u00f3\u017cne dzia\u0142y i procesy w firmach. W\u0142a\u015bnie wtedy zacz\u0105\u0142em budowa\u0107 solidne fundamenty w IT. Po uko\u0144czeniu studi\u00f3w in\u017cynierskich rozpocz\u0105\u0142em magisterk\u0119 na Politechnice \u0141\u00f3dzkiej.<\/p><p>W \u0141odzi zacz\u0105\u0142em prac\u0119 jako grafik w Virtual Viewing LTD, angielskiej firmie, gdzie zdoby\u0142em do\u015bwiadczenie w grafice 3D i projektowaniu stron internetowych. Kolejnym krokiem by\u0142a praca w Fortress Sp. z o.o., gdzie tak naprawd\u0119 rozpocz\u0105\u0142em karier\u0119 w IT. Pracowa\u0142em tam jako IT Project Manager i zajmowa\u0142em si\u0119 te\u017c wsparciem technicznym.<\/p>\t\t\t\t\t\t\t\t<\/div>\n\t\t\t\t<\/div>\n\t\t\t\t\t<\/div>\n\t\t<\/div>\n\t\t\t\t<div class=\"elementor-column elementor-col-50 elementor-inner-column elementor-element elementor-element-3c5f444\" data-id=\"3c5f444\" data-element_type=\"column\" data-e-type=\"column\">\n\t\t\t<div class=\"elementor-widget-wrap elementor-element-populated\">\n\t\t\t\t\t\t<div class=\"elementor-element elementor-element-9b97f02 elementor-widget elementor-widget-image\" data-id=\"9b97f02\" data-element_type=\"widget\" data-e-type=\"widget\" data-widget_type=\"image.default\">\n\t\t\t\t<div class=\"elementor-widget-container\">\n\t\t\t\t\t\t\t\t\t\t\t\t\t\t\t<img fetchpriority=\"high\" decoding=\"async\" width=\"700\" height=\"699\" src=\"https:\/\/itproman.pl\/wp-content\/uploads\/2020\/06\/omnie2-e1591783769344.jpg\" class=\"attachment-full size-full wp-image-347\" alt=\"\" style=\"width:100%;height:99.86%;max-width:700px\" \/>\t\t\t\t\t\t\t\t\t\t\t\t\t\t\t<\/div>\n\t\t\t\t<\/div>\n\t\t\t\t\t<\/div>\n\t\t<\/div>\n\t\t\t\t\t<\/div>\n\t\t<\/section>\n\t\t\t\t<div class=\"elementor-element elementor-element-e183455 elementor-widget elementor-widget-text-editor\" data-id=\"e183455\" data-element_type=\"widget\" data-e-type=\"widget\" data-widget_type=\"text-editor.default\">\n\t\t\t\t<div class=\"elementor-widget-container\">\n\t\t\t\t\t\t\t\t\t<p>Tutaj warto opowiedzie\u0107 o jednym z wyzwa\u0144, kt\u00f3re dobrze pokazuje moje podej\u015bcie do pracy pod presj\u0105. Gdy do\u0142\u0105czy\u0142em do Fortress w lipcu, firma by\u0142a w trakcie wdra\u017cania nowego oprogramowania optymalizuj\u0105cego procesy (produkcj\u0119, logistyk\u0119, sprzeda\u017c). Przej\u0105\u0142em ten projekt w po\u0142owie i do grudnia uda\u0142o si\u0119 go zako\u0144czy\u0107. Jednocze\u015bnie poznawa\u0142em firm\u0119, jej dzia\u0142y, procesy i optymalizowa\u0142em dzia\u0142ania. A ju\u017c od stycznia dosta\u0142em kolejny projekt \u2013 przygotowanie nowej siedziby firmy. Musia\u0142em zaprojektowa\u0107 i wdro\u017cy\u0107 systemy takie jak kontrola dost\u0119pu, alarmy, kamery, sie\u0107 LAN, a tak\u017ce przenie\u015b\u0107 ca\u0142\u0105 firm\u0119 (40 os\u00f3b) w ci\u0105gu jednego weekendu. W poniedzia\u0142ek wszyscy ju\u017c normalnie pracowali \u2013 wszystko zosta\u0142o zaplanowane i zrealizowane bez zak\u0142\u00f3ce\u0144.<\/p><p>Kolejne du\u017ce wyzwanie czeka\u0142o mnie w Metalach S.A. Firma przechodzi\u0142a restrukturyzacj\u0119, a jednocze\u015bnie wdra\u017cali\u015bmy nowy system ERP \u2013 Symfoni\u0119 Forte. Projekt obejmowa\u0142 wszystkie dzia\u0142y: logistyk\u0119, sprzeda\u017c, HR, ksi\u0119gowo\u015b\u0107. Wsp\u00f3lnie z ich informatykiem zaplanowali\u015bmy 6-miesi\u0119czne wdro\u017cenie i uda\u0142o si\u0119 je zrealizowa\u0107 na czas, mimo wielu wyzwa\u0144, szczeg\u00f3lnie w okresie \u015bwi\u0105tecznym, kiedy projekt wymaga\u0142 maksymalnego zaanga\u017cowania.<\/p><p>Po tych do\u015bwiadczeniach za\u0142o\u017cy\u0142em w\u0142asn\u0105 dzia\u0142alno\u015b\u0107. Zajmowa\u0142em si\u0119 wsparciem IT i realizacj\u0105 projekt\u00f3w z zakresu bezpiecze\u0144stwa (systemy alarmowe, monitoring, kontrola dost\u0119pu). W tym czasie zrealizowa\u0142em wiele mniejszych i wi\u0119kszych projekt\u00f3w.<\/p><p>W 2017 roku rozpocz\u0105\u0142em prac\u0119 w Zak\u0142adach Energetyki Cieplnej w Katowicach, kt\u00f3re s\u0105 cz\u0119\u015bci\u0105 du\u017cego koncernu Dalkia. By\u0142o to dla mnie du\u017ce wyzwanie \u2013 samodzielne stanowisko, 500 pracownik\u00f3w w firmie. Projekty by\u0142y bardzo r\u00f3\u017cnorodne, od modernizacji oddzia\u0142\u00f3w produkcyjnych, przez wdro\u017cenie telefonii VOIP i \u015bwiat\u0142owod\u00f3w, a\u017c po budow\u0119 wewn\u0119trznej sieci intranetowej. To by\u0142 intensywny czas, pe\u0142en wyzwa\u0144, ale r\u00f3wnie\u017c bardzo satysfakcjonuj\u0105cy. Pozna\u0142em wtedy wielu warto\u015bciowych ludzi, z kt\u00f3rymi do dzi\u015b utrzymuj\u0119 kontakt.<\/p><p>Po 2017 roku moje \u017cycie zawodowe nabra\u0142o jeszcze wi\u0119kszego tempa.<\/p><p>W 2018 roku zaj\u0105\u0142em si\u0119 projektem kompleksu sportowo-rekreacyjnego w D\u0105browie G\u00f3rniczej. To by\u0142 niesamowicie przysz\u0142o\u015bciowy projekt, bo wychodzi\u0142 poza tradycyjne podej\u015bcie do fitnessu czy SPA. Tworz\u0105c ten biznes \u2013 klub REVOLTA \u2013 szuka\u0142em inspiracji, by stworzy\u0107 co\u015b naprawd\u0119 innowacyjnego, co\u015b, co wyr\u00f3\u017cnia si\u0119 na tle konkurencji i daje ludziom wi\u0119ksz\u0105 rado\u015b\u0107 z uczestniczenia w takim miejscu. Moim celem nigdy nie by\u0142o \u201ewalczenie\u201d z innymi, ale budowanie marki, kt\u00f3ra sama przyci\u0105ga ludzi jako\u015bci\u0105, pomys\u0142em i \u015bwie\u017cym podej\u015bciem. Niestety pandemia okaza\u0142a si\u0119 bezlitosna, i mimo ogromnego zaanga\u017cowania musia\u0142em zamkn\u0105\u0107 ten biznes. By\u0142 to trudny czas, ale te\u017c lekcja pokory i g\u0142\u0119bszego zrozumienia \u015bwiata, ludzi i potrzeb klient\u00f3w.<\/p><p>Po tej przygodzie moje drogi zawodowe skierowa\u0142y si\u0119 ku du\u017cej firmie eCommerce. Zosta\u0142em tam zatrudniony, aby pom\u00f3c w przeprowadzeniu restrukturyzacji technologicznej ca\u0142ego przedsi\u0119biorstwa. By\u0142o to wyzwanie, w kt\u00f3rym zaanga\u017cowa\u0142em si\u0119 w ka\u017cdy aspekt dzia\u0142alno\u015bci firmy, szczeg\u00f3lnie tam, gdzie w gr\u0119 wchodzi\u0142a technologia. Moim g\u0142\u00f3wnym zadaniem by\u0142a optymalizacja proces\u00f3w oraz ich automatyzacja. Dzi\u0119ki tym dzia\u0142aniom uda\u0142o si\u0119 zoptymalizowa\u0107 firm\u0119 na tyle, \u017ce obecnie mo\u017ce ona skupi\u0107 si\u0119 wy\u0142\u0105cznie na rozwoju i zwi\u0119kszaniu swoich zysk\u00f3w, bez konieczno\u015bci znacznego zwi\u0119kszania koszt\u00f3w operacyjnych.<\/p><p>Ten okres pracy pozwoli\u0142 mi jeszcze lepiej zrozumie\u0107, jak efektywnie \u0142\u0105czy\u0107 technologi\u0119 z biznesem i jak usprawnia\u0107 procesy, by firma dzia\u0142a\u0142a sprawniej, szybciej i bardziej efektywnie. Ka\u017cdy kolejny projekt pokazuje mi, \u017ce zarz\u0105dzanie z\u0142o\u017conymi przedsi\u0119wzi\u0119ciami to nie tylko praca, ale i moja pasja.<\/p>\t\t\t\t\t\t\t\t<\/div>\n\t\t\t\t<\/div>\n\t\t\t\t\t<\/div>\n\t\t<\/div>\n\t\t\t\t\t<\/div>\n\t\t<\/section>\n\t\t\t\t<\/div>\n\t\t","protected":false},"excerpt":{"rendered":"<p>IT Project Manager Wiedza, do\u015bwiadczenie, zaanga\u017cowanie! Wszystko zacz\u0119\u0142o si\u0119, gdy mia\u0142em 15 lat. Ju\u017c wtedy pasjonowa\u0142em si\u0119 komputerami i uczy\u0142em si\u0119 wszystkiego samodzielnie. Potem przyszed\u0142 czas na studia in\u017cynierskie w Bielsku-Bia\u0142ej. Podczas studi\u00f3w zajmowa\u0142em si\u0119 wsparciem IT dla ma\u0142ych firm, co pozwoli\u0142o mi pozna\u0107, jak dzia\u0142aj\u0105 r\u00f3\u017cne dzia\u0142y i procesy w firmach. W\u0142a\u015bnie wtedy zacz\u0105\u0142em&hellip; <a class=\"more-link\" href=\"https:\/\/itproman.pl\/index.php\/o-mnie\/\">Czytaj dalej <span class=\"screen-reader-text\">O mnie<\/span><\/a><\/p>\n","protected":false},"author":1,"featured_media":0,"parent":0,"menu_order":0,"comment_status":"closed","ping_status":"closed","template":"elementor_header_footer","meta":{"footnotes":""},"class_list":["post-330","page","type-page","status-publish","hentry","entry"],"jetpack_sharing_enabled":true,"_links":{"self":[{"href":"https:\/\/itproman.pl\/index.php\/wp-json\/wp\/v2\/pages\/330","targetHints":{"allow":["GET"]}}],"collection":[{"href":"https:\/\/itproman.pl\/index.php\/wp-json\/wp\/v2\/pages"}],"about":[{"href":"https:\/\/itproman.pl\/index.php\/wp-json\/wp\/v2\/types\/page"}],"author":[{"embeddable":true,"href":"https:\/\/itproman.pl\/index.php\/wp-json\/wp\/v2\/users\/1"}],"replies":[{"embeddable":true,"href":"https:\/\/itproman.pl\/index.php\/wp-json\/wp\/v2\/comments?post=330"}],"version-history":[{"count":38,"href":"https:\/\/itproman.pl\/index.php\/wp-json\/wp\/v2\/pages\/330\/revisions"}],"predecessor-version":[{"id":648,"href":"https:\/\/itproman.pl\/index.php\/wp-json\/wp\/v2\/pages\/330\/revisions\/648"}],"wp:attachment":[{"href":"https:\/\/itproman.pl\/index.php\/wp-json\/wp\/v2\/media?parent=330"}],"curies":[{"name":"wp","href":"https:\/\/api.w.org\/{rel}","templated":true}]}}